{"id":3610,"date":"2024-07-27T17:29:59","date_gmt":"2024-07-28T00:29:59","guid":{"rendered":"https:\/\/jlos-partyrentalsllc.com\/?page_id=3610"},"modified":"2024-08-29T21:34:35","modified_gmt":"2024-08-30T04:34:35","slug":"rental-privacy","status":"publish","type":"page","link":"https:\/\/jlos-partyrentalsllc.com\/es\/rental-privacy\/","title":{"rendered":"Politicas de Renta"},"content":{"rendered":"<div data-elementor-type=\"wp-page\" data-elementor-id=\"3610\" class=\"elementor elementor-3610\" data-elementor-post-type=\"page\">\n\t\t\t\t\t\t<section class=\"elementor-section elementor-top-section elementor-element elementor-element-2ecccc9c elementor-section-full_width elementor-section-height-default elementor-section-height-default\" data-id=\"2ecccc9c\" data-element_type=\"section\" data-e-type=\"section\" data-settings=\"{&quot;background_background&quot;:&quot;classic&quot;,&quot;_ha_eqh_enable&quot;:false}\">\n\t\t\t\t\t\t<div class=\"elementor-container elementor-column-gap-default\">\n\t\t\t\t\t<div class=\"elementor-column elementor-col-100 elementor-top-column elementor-element elementor-element-1ae7a9c6\" data-id=\"1ae7a9c6\" data-element_type=\"column\" data-e-type=\"column\">\n\t\t\t<div class=\"elementor-widget-wrap elementor-element-populated\">\n\t\t\t\t\t\t<div class=\"elementor-element elementor-element-f5d964e elementor-widget elementor-widget-text-editor\" data-id=\"f5d964e\" data-element_type=\"widget\" data-e-type=\"widget\" data-widget_type=\"text-editor.default\">\n\t\t\t\t<div class=\"elementor-widget-container\">\n\t\t\t\t\t\t\t\t\t<p>Garantizamos que sus transacciones con Tarjeta de Cr\u00e9dito son seguras y protegidas. No tienes por qu\u00e9 preocuparte. Tambi\u00e9n garantizamos la seguridad de cualquier informaci\u00f3n que nos proporcione.<br \/><br \/>Su seguridad y protecci\u00f3n son importantes para nosotros<\/p>\t\t\t\t\t\t\t\t<\/div>\n\t\t\t\t<\/div>\n\t\t\t\t<div class=\"elementor-element elementor-element-31c666e7 elementor-widget elementor-widget-heading\" data-id=\"31c666e7\" data-element_type=\"widget\" data-e-type=\"widget\" data-widget_type=\"heading.default\">\n\t\t\t\t<div class=\"elementor-widget-container\">\n\t\t\t\t\t<h2 class=\"elementor-heading-title elementor-size-default\">\u00bfQu\u00e9 haremos con mi informaci\u00f3n personal?\n<\/h2>\t\t\t\t<\/div>\n\t\t\t\t<\/div>\n\t\t\t\t<div class=\"elementor-element elementor-element-233a8143 elementor-widget elementor-widget-text-editor\" data-id=\"233a8143\" data-element_type=\"widget\" data-e-type=\"widget\" data-widget_type=\"text-editor.default\">\n\t\t\t\t<div class=\"elementor-widget-container\">\n\t\t\t\t\t\t\t\t\t<p>Nos preocupa mucho c\u00f3mo otros sitios web utilizan nuestra informaci\u00f3n personal (nombre, direcci\u00f3n de correo electr\u00f3nico, preferencias, etc.). El, due\u00f1o de<strong> JLO&#8217;s Party Rental<\/strong>\u00a0est\u00e1 comprometido con su privacidad. Como resultado, siempre nos aseguraremos de que cualquier informaci\u00f3n que usted elija proporcionarnos se mantenga confidencial. Prometemos que nunca proporcionaremos esa informaci\u00f3n a nadie m\u00e1s.<\/p><p>Solo utilizamos su direcci\u00f3n de correo electr\u00f3nico y cualquier otra informaci\u00f3n que usted elija proporcionarnos, para brindarle un mejor servicio y mantenerlo informado sobre cambios en nuestro sitio, ideas y sugerencias para fiestas y alquileres, o nuevos productos y precios especiales disponibles solo para nuestros clientes y miembros del bolet\u00edn . Puede estar seguro de que su informaci\u00f3n est\u00e1 segura con nosotros. Esperamos poder servirle.<\/p>\t\t\t\t\t\t\t\t<\/div>\n\t\t\t\t<\/div>\n\t\t\t\t<div class=\"elementor-element elementor-element-5f1fc790 elementor-widget elementor-widget-heading\" data-id=\"5f1fc790\" data-element_type=\"widget\" data-e-type=\"widget\" data-widget_type=\"heading.default\">\n\t\t\t\t<div class=\"elementor-widget-container\">\n\t\t\t\t\t<h2 class=\"elementor-heading-title elementor-size-default\">Declaraci\u00f3n oficial de politica de privacidad:\n<\/h2>\t\t\t\t<\/div>\n\t\t\t\t<\/div>\n\t\t\t\t<div class=\"elementor-element elementor-element-702d1cf4 elementor-widget elementor-widget-text-editor\" data-id=\"702d1cf4\" data-element_type=\"widget\" data-e-type=\"widget\" data-widget_type=\"text-editor.default\">\n\t\t\t\t<div class=\"elementor-widget-container\">\n\t\t\t\t\t\t\t\t\t<p>Este es el sitio web de <strong>www.jlos-partyrentalsllc.com<\/strong><br \/>Nuestra direcci\u00f3n postal es<\/p><p><strong>2119 Newbury Cir, Lodi, CA 95240, EE. UU.<\/strong><\/p><p>Nos pueden contactar por correo electr\u00f3nico en:\u00a0<strong>jlospartyrentalllc@gmail.com<\/strong><br \/>o puede comunicarse con nosotros por tel\u00e9fono en: <strong>(209) 329-4126<\/strong><\/p><p>Para cada visitante de nuestra p\u00e1gina web, nuestro servidor web no recopila informaci\u00f3n sobre su dominio o direcci\u00f3n de correo electr\u00f3nico. No recopilamos informaci\u00f3n sobre los consumidores que navegan por nuestra p\u00e1gina web. Con respecto a las cookies: utilizamos cookies para almacenar las preferencias de los visitantes, registrar informaci\u00f3n de la sesi\u00f3n, como los art\u00edculos que nuestros clientes agregan a su carrito de compras.<\/p><p>Si nos proporciona su direcci\u00f3n postal o n\u00fameros de tel\u00e9fono en l\u00ednea durante su pedido, solo recibir\u00e1 contacto postal o telef\u00f3nico de nuestra parte con informaci\u00f3n sobre los pedidos que haya realizado en l\u00ednea.<br \/>Con respecto a la seguridad: siempre utilizamos tecnolog\u00edas de cifrado est\u00e1ndar de la industria al transferir y recibir datos de consumidores intercambiados con nuestro sitio. Contamos con medidas de seguridad apropiadas en nuestras instalaciones f\u00edsicas para proteger contra la p\u00e9rdida, mal uso o alteraci\u00f3n de la informaci\u00f3n que hemos recopilado de usted en nuestro sitio.<br \/>Si cree que este sitio no sigue su pol\u00edtica de informaci\u00f3n establecida, puede comunicarse con nosotros a las direcciones o al n\u00famero de tel\u00e9fono anteriores, a la Comisi\u00f3n Federal de Comercio por tel\u00e9fono al\u00a0<strong>202-FTC-HELP (202-382-4357)<\/strong>\u00a0o electr\u00f3nicamente en\u00a0<strong>https:\/\/rn.ftc.gov\/pls\/dod\/wsolcq$.startup?Z_ORG_CODE=PU01.<\/strong><\/p>\t\t\t\t\t\t\t\t<\/div>\n\t\t\t\t<\/div>\n\t\t\t\t<div class=\"elementor-element elementor-element-71d00581 elementor-widget elementor-widget-heading\" data-id=\"71d00581\" data-element_type=\"widget\" data-e-type=\"widget\" data-widget_type=\"heading.default\">\n\t\t\t\t<div class=\"elementor-widget-container\">\n\t\t\t\t\t<h2 class=\"elementor-heading-title elementor-size-default\">\u00bfEs realmente seguro para m\u00ed usar mi tarjeta de cr\u00e9dito?\n<\/h2>\t\t\t\t<\/div>\n\t\t\t\t<\/div>\n\t\t\t\t<div class=\"elementor-element elementor-element-43a2b9ed elementor-widget elementor-widget-text-editor\" data-id=\"43a2b9ed\" data-element_type=\"widget\" data-e-type=\"widget\" data-widget_type=\"text-editor.default\">\n\t\t\t\t<div class=\"elementor-widget-container\">\n\t\t\t\t\t\t\t\t\t<p>S\u00ed, lo es. Compras en <strong>www.jlos-partyrentalsllc.com<\/strong><br \/>es extremadamente seguro. Te garantizamos 100% seguridad al utilizar tu tarjeta de cr\u00e9dito con nosotros. Debe estar en nuestro software de servidor seguro en un compartimento completamente separado de nuestro sistema y su computadora debe aceptar cookies o no podr\u00e1 realizar pedidos. De esa manera podemos garantizar su compra con tarjeta de cr\u00e9dito. Nunca tendr\u00e1 que pagar por ning\u00fan cargo no autorizado realizado en su tarjeta como resultado de comprar con nosotros en <strong>www.jlos-partyrentalsllc.com<\/strong><\/p>\t\t\t\t\t\t\t\t<\/div>\n\t\t\t\t<\/div>\n\t\t\t\t<div class=\"elementor-element elementor-element-34a27080 elementor-widget elementor-widget-heading\" data-id=\"34a27080\" data-element_type=\"widget\" data-e-type=\"widget\" data-widget_type=\"heading.default\">\n\t\t\t\t<div class=\"elementor-widget-container\">\n\t\t\t\t\t<h2 class=\"elementor-heading-title elementor-size-default\">What makes it so safe?\n<\/h2>\t\t\t\t<\/div>\n\t\t\t\t<\/div>\n\t\t\t\t<div class=\"elementor-element elementor-element-7b617d21 elementor-widget elementor-widget-text-editor\" data-id=\"7b617d21\" data-element_type=\"widget\" data-e-type=\"widget\" data-widget_type=\"text-editor.default\">\n\t\t\t\t<div class=\"elementor-widget-container\">\n\t\t\t\t\t\t\t\t\t<p>La tecnolog\u00eda es segura y estable: el software que utilizamos en el compartimento de pedidos de nuestro sistema (SSL) es el est\u00e1ndar para esta industria. Todos los principales navegadores lo admiten y promocionan su buen funcionamiento en sus sitios web y en su software. El software toma los datos que usted proporciona y los cifra en un sistema de codificaci\u00f3n especial que solo puede ser interpretado por nuestro sistema en nuestra oficina. En realidad, este sistema es m\u00e1s seguro que entregarlo por tel\u00e9fono o enviar un fax.<br \/><br \/>Todos los grandes utilizan el mismo software: empresas como Amazon.com, AT&amp;T, Dell Computers, etc. utilizan el mismo software. Tienen millones de clientes que compran de forma segura sin sufrir fraude con tarjetas de cr\u00e9dito. Desde que comenzamos, miles de clientes han realizado pedidos sin ning\u00fan fraude con tarjeta de cr\u00e9dito. Puede sentirse c\u00f3modo sabiendo que aqu\u00ed se toman las mismas precauciones que las grandes empresas para garantizar la seguridad de su tarjeta.<\/p>\t\t\t\t\t\t\t\t<\/div>\n\t\t\t\t<\/div>\n\t\t\t\t<div class=\"elementor-element elementor-element-53bdb622 elementor-widget elementor-widget-heading\" data-id=\"53bdb622\" data-element_type=\"widget\" data-e-type=\"widget\" data-widget_type=\"heading.default\">\n\t\t\t\t<div class=\"elementor-widget-container\">\n\t\t\t\t\t<h2 class=\"elementor-heading-title elementor-size-default\">\u00bfA\u00fan prefieres no utilizar tu tarjeta en Internet?\n<\/h2>\t\t\t\t<\/div>\n\t\t\t\t<\/div>\n\t\t\t\t<div class=\"elementor-element elementor-element-4c139be0 elementor-widget elementor-widget-text-editor\" data-id=\"4c139be0\" data-element_type=\"widget\" data-e-type=\"widget\" data-widget_type=\"text-editor.default\">\n\t\t\t\t<div class=\"elementor-widget-container\">\n\t\t\t\t\t\t\t\t\t<p>Est\u00e1 bien. Le invitamos a imprimir su pedido y enviarnoslo por fax con su informaci\u00f3n de pago.<br \/>O env\u00edanoslo por correo a:<\/p><p><strong>JLO&#8217;s Party Rental<br \/>2119 Newbury Cir, Lodi, CA 95240, EE. UU<br \/><\/strong><\/p><p>Recuerde incluir la informaci\u00f3n de su tarjeta de cr\u00e9dito, cheque o giro postal en el sobre. (Simplemente corte y pegue esta direcci\u00f3n en su procesador de textos y haga una etiqueta para su sobre).<br \/>O llama para hacer tu pedido a <strong>(209) 329-4126<\/strong><\/p>\t\t\t\t\t\t\t\t<\/div>\n\t\t\t\t<\/div>\n\t\t\t\t<div class=\"elementor-element elementor-element-1287140a elementor-widget elementor-widget-heading\" data-id=\"1287140a\" data-element_type=\"widget\" data-e-type=\"widget\" data-widget_type=\"heading.default\">\n\t\t\t\t<div class=\"elementor-widget-container\">\n\t\t\t\t\t<h2 class=\"elementor-heading-title elementor-size-default\">Garant\u00eda de tarjeta de cr\u00e9dito\n<\/h2>\t\t\t\t<\/div>\n\t\t\t\t<\/div>\n\t\t\t\t<div class=\"elementor-element elementor-element-72fd0f0b elementor-widget elementor-widget-text-editor\" data-id=\"72fd0f0b\" data-element_type=\"widget\" data-e-type=\"widget\" data-widget_type=\"text-editor.default\">\n\t\t\t\t<div class=\"elementor-widget-container\">\n\t\t\t\t\t\t\t\t\t<p>Seg\u00fan la Ley de Facturaci\u00f3n Justa de Cr\u00e9dito aprobada por el Congreso de los EE. UU., su banco no puede responsabilizarlo por m\u00e1s de $50.00 en cargos fraudulentos. Si su banco decide ejercer su derecho a responsabilizarlo por esos $50,00, <strong>JLO&#8217;s Party Rental<\/strong><br \/>\u00a0le reembolsar\u00e1 esa cantidad, hasta el total de $50.00. <strong>www.jlos-partyrentalsllc.com<\/strong><br \/>s\u00f3lo cubrir\u00e1 su responsabilidad si el uso no autorizado de su tarjeta de cr\u00e9dito no fue causado por su culpa por compras realizadas con <strong>www.jlos-partyrentalsllc.com <\/strong>mientras utiliza nuestro servidor seguro SSL.<\/p><p>En caso de que sufra una p\u00e9rdida debido al uso no autorizado de su tarjeta de cr\u00e9dito, de acuerdo con la ley, debe notificar a su compa\u00f1\u00eda de tarjeta de cr\u00e9dito inmediatamente seg\u00fan las reglas y procedimientos de informes que le hayan proporcionado.<\/p>\t\t\t\t\t\t\t\t<\/div>\n\t\t\t\t<\/div>\n\t\t\t\t\t<\/div>\n\t\t<\/div>\n\t\t\t\t\t<\/div>\n\t\t<\/section>\n\t\t\t\t<\/div>","protected":false},"excerpt":{"rendered":"<p>We guarantee that your Credit Card transactions are safe and secure. You do not have to be concerned. We also guarantee the safety of any information you provide us. Your Safety and Security are Important To Us What will you do with my personal information? We are very concerned about how other web sites use [&hellip;]<\/p>\n","protected":false},"author":1,"featured_media":0,"parent":0,"menu_order":0,"comment_status":"closed","ping_status":"closed","template":"elementor_header_footer","meta":{"footnotes":""},"class_list":["post-3610","page","type-page","status-publish","hentry"],"_links":{"self":[{"href":"https:\/\/jlos-partyrentalsllc.com\/es\/wp-json\/wp\/v2\/pages\/3610","targetHints":{"allow":["GET"]}}],"collection":[{"href":"https:\/\/jlos-partyrentalsllc.com\/es\/wp-json\/wp\/v2\/pages"}],"about":[{"href":"https:\/\/jlos-partyrentalsllc.com\/es\/wp-json\/wp\/v2\/types\/page"}],"author":[{"embeddable":true,"href":"https:\/\/jlos-partyrentalsllc.com\/es\/wp-json\/wp\/v2\/users\/1"}],"replies":[{"embeddable":true,"href":"https:\/\/jlos-partyrentalsllc.com\/es\/wp-json\/wp\/v2\/comments?post=3610"}],"version-history":[{"count":5,"href":"https:\/\/jlos-partyrentalsllc.com\/es\/wp-json\/wp\/v2\/pages\/3610\/revisions"}],"predecessor-version":[{"id":4760,"href":"https:\/\/jlos-partyrentalsllc.com\/es\/wp-json\/wp\/v2\/pages\/3610\/revisions\/4760"}],"wp:attachment":[{"href":"https:\/\/jlos-partyrentalsllc.com\/es\/wp-json\/wp\/v2\/media?parent=3610"}],"curies":[{"name":"wp","href":"https:\/\/api.w.org\/{rel}","templated":true}]}}